{"id":222234,"date":"2026-03-30T08:28:58","date_gmt":"2026-03-30T08:28:58","guid":{"rendered":"https:\/\/neu.pls-edv.de\/?page_id=222234"},"modified":"2026-03-31T08:13:24","modified_gmt":"2026-03-31T08:13:24","slug":"home","status":"publish","type":"page","link":"https:\/\/neu.pls-edv.de\/index.php\/home\/","title":{"rendered":"Home"},"content":{"rendered":"<div class=\"et_pb_section_0 et_pb_section et_section_regular et_flex_section preset--group--divi-section--divi-layout--nested--7n3agibmhq preset--group--divi-section--divi-spacing--nested--o168adh9uf preset--module--divi-section--default\">\n<div class=\"et_pb_row_0 et_pb_row et_flex_row preset--group--divi-row--divi-layout--default preset--module--divi-row--default\">\n<div class=\"et_pb_column_0 et_pb_column et-last-child et_flex_column et_pb_css_mix_blend_mode_passthrough et_flex_column_24_24 et_flex_column_24_24_tablet et_flex_column_24_24_phone\">\n<div class=\"et_pb_heading_0 et_pb_heading et_pb_module et_flex_module\"><div class=\"et_pb_heading_container\"><h1 class=\"et_pb_module_header\">Websites, die Kunden gewinnen \u2013 nicht nur gut aussehen<\/h1><\/div><\/div>\n\n<div class=\"et_pb_text_0 et_pb_text et_pb_bg_layout_light et_pb_module et_flex_module preset--group--divi-text--divi-font-header--nested--9ig6oypmko preset--group--divi-text--divi-font-header--nested--6rjy1iogd0 preset--group--divi-text--divi-font-body--nested--0d8eavoaf6 preset--group--divi-text--divi-font-body--nested--bz6z4wtqzt\"><div class=\"et_pb_text_inner\"><p>Ich erstelle moderne, schnelle und barrierearme Websites f\u00fcr kleine Unternehmen, Selbstst\u00e4ndige und Organisationen in Jesteburg, dem Landkreis Harburg und Hamburg.<\/p>\n<p>\u2714 WordPress & Divi vom Profi<br \/>\n\u2714 Performance & SEO von Anfang an<br \/>\n\u2714 Pers\u00f6nliche Betreuung statt Agentur-Durchlauf<br \/>\n\u2714 Zukunftssichere Technik (WordPress, Astro, Tailwind)<\/p>\n<\/div><\/div>\n\n<div class=\"et_pb_module et_pb_button_module_wrapper et_pb_button_0_wrapper\"><a class=\"et_pb_button_0 et_pb_button et_pb_bg_layout_light et_pb_module et_flex_module\" href=\"\">Kostenloses Erstgespr\u00e4ch vereinbaren<\/a><\/div>\n<\/div>\n<\/div>\n<\/div>\n\n<div class=\"et_pb_section_1 et_pb_section et_section_regular et_flex_section preset--group--divi-section--divi-layout--nested--7n3agibmhq preset--group--divi-section--divi-spacing--nested--o168adh9uf preset--module--divi-section--default\">\n<div class=\"et_pb_row_1 et_pb_row et_flex_row preset--group--divi-row--divi-layout--default preset--module--divi-row--default\">\n<div class=\"et_pb_column_1 et_pb_column et-last-child et_flex_column et_pb_css_mix_blend_mode_passthrough et_flex_column_24_24 et_flex_column_24_24_tablet et_flex_column_24_24_phone\">\n<div class=\"et_pb_heading_1 et_pb_heading et_pb_module et_flex_module\"><div class=\"et_pb_heading_container\"><h5 class=\"et_pb_module_header\">F\u00fcr wen ich arbeite<\/h5><\/div><\/div>\n\n<div class=\"et_pb_heading_2 et_pb_heading et_pb_module et_flex_module\"><div class=\"et_pb_heading_container\"><h3 class=\"et_pb_module_header\">Pers\u00f6nliche Betreuung statt Agentur-Durchlauf<\/h3><\/div><\/div>\n\n<div class=\"et_pb_text_1 et_pb_text et_pb_bg_layout_light et_pb_module et_flex_module preset--group--divi-text--divi-font-header--nested--9ig6oypmko preset--group--divi-text--divi-font-header--nested--6rjy1iogd0 preset--group--divi-text--divi-font-body--nested--0d8eavoaf6 preset--group--divi-text--divi-font-body--nested--bz6z4wtqzt\"><div class=\"et_pb_text_inner\"><p>Ich arbeite vor allem mit Menschen und Unternehmen, die keine Agentur suchen, sondern einen festen Ansprechpartner, der Technik versteht und verst\u00e4ndlich erkl\u00e4rt.<\/p>\n<\/div><\/div>\n<\/div>\n<\/div>\n\n<div class=\"et_pb_row_2 et_pb_row et_flex_row preset--group--divi-row--divi-layout--default preset--module--divi-row--default\">\n<div class=\"et_pb_column_2 et_pb_column et_flex_column et_pb_css_mix_blend_mode_passthrough et_flex_column_8_24 et_flex_column_8_24_tablet et_flex_column_24_24_phone\">\n<div class=\"et_pb_text_2 et_pb_text et_pb_bg_layout_light et_pb_module et_flex_module preset--module--divi-text--z72ubqq3u7\"><div class=\"et_pb_text_inner\"><h4>Selbstst\u00e4ndige & lokale Unternehmen<\/h4>\n<p>Sie brauchen eine Website, die seri\u00f6s wirkt, bei Google gefunden wird und konkret neue Anfragen bringt \u2013 nicht nur \u201esch\u00f6nes Design\".<\/p>\n<\/div><\/div>\n<\/div>\n\n<div class=\"et_pb_column_3 et_pb_column et_flex_column et_pb_css_mix_blend_mode_passthrough et_flex_column_8_24 et_flex_column_8_24_tablet et_flex_column_24_24_phone\">\n<div class=\"et_pb_text_3 et_pb_text et_pb_bg_layout_light et_pb_module et_flex_module preset--module--divi-text--z72ubqq3u7\"><div class=\"et_pb_text_inner\"><h4 class=\"text-xl font-semibold mb-3\" data-astro-cid-j7pv25f6=\"\">Kleine &amp; mittlere Unternehmen (KMU)<\/h4>\n<div class=\"rounded-lg bg-white\/5 border border-white\/10 p-6\" data-astro-cid-j7pv25f6=\"\">\n<p class=\"text-white\/90\" data-astro-cid-j7pv25f6=\"\">Ihre Website soll mit Ihrem Unternehmen wachsen, leicht pflegbar sein und auch technisch langfristig sauber laufen.<\/p>\n<\/div>\n<div class=\"rounded-lg bg-white\/5 border border-white\/10 p-6\" data-astro-cid-j7pv25f6=\"\"><\/div>\n<\/div><\/div>\n<\/div>\n\n<div class=\"et_pb_column_4 et_pb_column et-last-child et_flex_column et_pb_css_mix_blend_mode_passthrough et_flex_column_8_24 et_flex_column_8_24_tablet et_flex_column_24_24_phone\">\n<div class=\"et_pb_text_4 et_pb_text et_pb_bg_layout_light et_pb_module et_flex_module preset--module--divi-text--z72ubqq3u7\"><div class=\"et_pb_text_inner\"><h4>Selbstst\u00e4ndige &amp; lokale Unternehmen<\/h4>\n<section class=\"w-full py-16 md:py-24 bg-black text-white\" data-astro-cid-j7pv25f6=\"\">\n<div class=\"mx-auto w-[75vw]\" data-astro-cid-j7pv25f6=\"\">\n<div class=\"mt-10 grid grid-cols-1 md:grid-cols-2 lg:grid-cols-3 gap-6\" data-astro-cid-j7pv25f6=\"\">\n<div class=\"rounded-lg bg-white\/5 border border-white\/10 p-6\" data-astro-cid-j7pv25f6=\"\">\n<p class=\"text-white\/90\" data-astro-cid-j7pv25f6=\"\">Sie ben\u00f6tigen eine \u00fcbersichtliche, barrierearme Website, die f\u00fcr alle zug\u00e4nglich ist und intern einfach gepflegt werden kann.<\/p>\n<\/div>\n<\/div>\n<\/div>\n<\/section>\n<section class=\"w-full py-16 md:py-24 bg-ink2 text-white\" data-astro-cid-j7pv25f6=\"\">\n<div class=\"flex flex-col lg:flex-row mx-auto w-[75vw] gap-10 items-start\" data-astro-cid-j7pv25f6=\"\">\n<div class=\"lg:w-5\/12 order-1 lg:order-2 intro-portrait is-visible\" data-astro-cid-j7pv25f6=\"\">\n<div class=\"rounded-lg shadow-lg overflow-hidden\" data-astro-cid-j7pv25f6=\"\"><\/div>\n<\/div>\n<\/div>\n<\/section>\n<\/div><\/div>\n<\/div>\n<\/div>\n<\/div>\n\n<div class=\"et_pb_section_2 et_pb_section et_section_regular et_flex_section preset--group--divi-section--divi-layout--nested--7n3agibmhq preset--group--divi-section--divi-spacing--nested--o168adh9uf preset--module--divi-section--default\">\n<div class=\"et_pb_row_3 et_pb_row et_flex_row preset--group--divi-row--divi-layout--default preset--module--divi-row--default\">\n<div class=\"et_pb_column_5 et_pb_column et_flex_column et_pb_column_empty et_pb_css_mix_blend_mode_passthrough et_flex_column_12_24 et_flex_column_12_24_tablet et_flex_column_24_24_phone\"><\/div>\n\n<div class=\"et_pb_column_6 et_pb_column et-last-child et_flex_column et_pb_css_mix_blend_mode_passthrough et_flex_column_12_24 et_flex_column_12_24_tablet et_flex_column_24_24_phone\">\n<div class=\"et_pb_image_0 et_pb_image et_pb_module et_flex_module\"><span class=\"et_pb_image_wrap\"><img loading=\"lazy\" decoding=\"async\" src=\"https:\/\/neu.pls-edv.de\/wp-content\/uploads\/2026\/03\/philipp-portrait.webp\" title=\"philipp-portrait\" width=\"1024\" height=\"1024\" srcset=\"https:\/\/neu.pls-edv.de\/wp-content\/uploads\/2026\/03\/philipp-portrait.webp 1024w, https:\/\/neu.pls-edv.de\/wp-content\/uploads\/2026\/03\/philipp-portrait-980x980.webp 980w, https:\/\/neu.pls-edv.de\/wp-content\/uploads\/2026\/03\/philipp-portrait-480x480.webp 480w\" sizes=\"(min-width: 0px) and (max-width: 480px) 480px, (min-width: 481px) and (max-width: 980px) 980px, (min-width: 981px) 1024px, 100vw\" class=\"wp-image-222239\" \/><\/span><\/div>\n<\/div>\n<\/div>\n<\/div>","protected":false},"excerpt":{"rendered":"","protected":false},"author":1,"featured_media":0,"parent":0,"menu_order":0,"comment_status":"closed","ping_status":"closed","template":"","meta":{"footnotes":""},"class_list":["post-222234","page","type-page","status-publish","hentry"],"_links":{"self":[{"href":"https:\/\/neu.pls-edv.de\/index.php\/wp-json\/wp\/v2\/pages\/222234","targetHints":{"allow":["GET"]}}],"collection":[{"href":"https:\/\/neu.pls-edv.de\/index.php\/wp-json\/wp\/v2\/pages"}],"about":[{"href":"https:\/\/neu.pls-edv.de\/index.php\/wp-json\/wp\/v2\/types\/page"}],"author":[{"embeddable":true,"href":"https:\/\/neu.pls-edv.de\/index.php\/wp-json\/wp\/v2\/users\/1"}],"replies":[{"embeddable":true,"href":"https:\/\/neu.pls-edv.de\/index.php\/wp-json\/wp\/v2\/comments?post=222234"}],"version-history":[{"count":8,"href":"https:\/\/neu.pls-edv.de\/index.php\/wp-json\/wp\/v2\/pages\/222234\/revisions"}],"predecessor-version":[{"id":222247,"href":"https:\/\/neu.pls-edv.de\/index.php\/wp-json\/wp\/v2\/pages\/222234\/revisions\/222247"}],"wp:attachment":[{"href":"https:\/\/neu.pls-edv.de\/index.php\/wp-json\/wp\/v2\/media?parent=222234"}],"curies":[{"name":"wp","href":"https:\/\/api.w.org\/{rel}","templated":true}]}}